{"id":527,"date":"2020-07-25T14:27:54","date_gmt":"2020-07-25T17:27:54","guid":{"rendered":"http:\/\/gotasdeluz.org.br\/?page_id=527"},"modified":"2020-07-26T22:28:57","modified_gmt":"2020-07-27T01:28:57","slug":"nossa-historia","status":"publish","type":"page","link":"https:\/\/gotasdeluz.org.br\/index.php\/nossa-historia\/","title":{"rendered":"Um Pouco de Nossa Hist\u00f3ria"},"content":{"rendered":"\n<p>Na d\u00e9cada de 1990 um grupo de Esp\u00edritas oriundos do Grupo Esp\u00edrita Andr\u00e9 Luiz e do Grupo Scheila, moradores do bairro Esplanada faziam todos os domingos \u00e0s 19:00 h o Evangelho no Lar na casa da Sra. Carmelita Augusta da Costa, a &#8220;Dona Carmelita&#8221;. As discuss\u00f5es sobre o Evangelho de Jesus e da Doutrina Esp\u00edrita eram intensas e animadas, e  uma hora de Evangelho no Lar n\u00e3o era o suficiente para atender a \u00e2nsia de conhecimento daquele pequeno grupo. Ent\u00e3o decidiram, incentivados pela Sra. Alayde Horta, que participava de estudos na casa do Sr. Aydano de Souza a montar um grupo de estudos mais aprofundado. Dessa forma aquele pequeno Grupo passou a se reunir aos S\u00e1bados na casa do Sr. Brasil Fernandes de Barros \u00e0s 16:00 hs.<\/p>\n\n\n\n<p>Logo na primeira reuni\u00e3o, Dona Alayde, que era m\u00e9dium vidente, na presen\u00e7a de Brasil, sua esposa Vanessa Alves de Barros, Ros\u00e2ngela Augusta da Costa, Terezinha Angela Miranda, C\u00e9lia Queiroz teve uma vis\u00e3o e disse: &#8220;Gotas de Luz, esse ser\u00e1 o nome do nosso grupo de estudos&#8221;<\/p>\n\n\n\n<p>Os anos passaram, os dias e hor\u00e1rios do Grupo de Estudos Gotas de Luz mudaram v\u00e1rias vezes, outras pessoas adentraram ao Grupo, uma delas foi a Sra. Simone Dias. O desejo e a empolga\u00e7\u00e3o do Grupo continuaram. Em 1997 ap\u00f3s uma viagem ao triangulo mineiro Brasil e Vanessa, ap\u00f3s ver obras assistenciais diversas, como o Hospital do Fogo Selvagem, e a Casa do Caminho de Arax\u00e1  trouxeram a ideia de que dever\u00edamos al\u00e9m de estudar empreender uma obra social. E passamos a integrar a &#8220;tarefa do p\u00e3ozinho&#8221; do Centro Esp\u00edrita Christopher Smith. <\/p>\n\n\n\n<p>O grupo ent\u00e3o passou a ter contato com diversos moradores de rua, e a partir dai surgiu a ideia de montar um trabalho de assist\u00eancia social, focado na remo\u00e7\u00e3o de fam\u00edlias de rua em situa\u00e7\u00e3o de risco e ressocializa\u00e7\u00e3o, e surgiu ent\u00e3o o Lar de Travessia Francisco de Assis. <\/p>\n\n\n\n<p>Depois de muitas dificuldades na condu\u00e7\u00e3o da atividade de assist\u00eancia social identificamos que n\u00e3o est\u00e1vamos ainda preparados para uma tarefa daquela ordem, e que seria necess\u00e1rio o suporte de uma equipe muito maior para fazer o que t\u00ednhamos em mente. Humildemente demos um passo atr\u00e1s e em 12 de Janeiro de 2002 tomamos a decis\u00e3o que o melhor caminho seria de primeiro formar um Grupo Esp\u00edrita que congregasse uma comunidade de tarefeiros ao seu redor, para que ai sim, pud\u00e9ssemos dar andamento, com p\u00e9s no ch\u00e3o, a tarefas de assist\u00eancia social.<\/p>\n\n\n\n<p>Assim no dia 18 de Abril de 2002, em um pequeno Galp\u00e3o \u00e0 Rua Carapu\u00e7a, 465, alugado de Dona Divina do Esp\u00edrito Santo, inauguramos com a palestra do saudoso amigo Gil Restani, hoje na p\u00e1tria espiritual o Grupo Esp\u00edrita Gotas de Luz que at\u00e9 hoje tem desenvolvido suas atividades no que era a verdadeira voca\u00e7\u00e3o daquele grupo. O Estudo e Divulga\u00e7\u00e3o da Doutrina Esp\u00edrita.<\/p>\n\n\n\n<p>Os fundadores do Grupo foram (em ordem alfab\u00e9tica):<\/p>\n\n\n\n<ul class=\"wp-block-list\"><li>Brasil Fernandes de Barros<\/li><li>Carmelita Augusta da Costa<\/li><li>C\u00e9lia Queiroz<\/li><li>Rita do Carmo Borges<\/li><li>Ros\u00e2ngela Augusta da Costa<\/li><li>Simone Dias<\/li><li>Terezinha \u00c2ngela Miranda<\/li><li>Vanessa Alves Ribeiro de Barros<\/li><\/ul>\n","protected":false},"excerpt":{"rendered":"<p>Saiba um Pouco de Nossa Hist\u00f3ria<\/p>\n","protected":false},"author":2,"featured_media":0,"parent":0,"menu_order":0,"comment_status":"closed","ping_status":"closed","template":"","meta":{"colormag_page_container_layout":"no_sidebar_full_width","colormag_page_sidebar_layout":"right_sidebar","footnotes":""},"class_list":["post-527","page","type-page","status-publish","hentry"],"_links":{"self":[{"href":"https:\/\/gotasdeluz.org.br\/index.php\/wp-json\/wp\/v2\/pages\/527","targetHints":{"allow":["GET"]}}],"collection":[{"href":"https:\/\/gotasdeluz.org.br\/index.php\/wp-json\/wp\/v2\/pages"}],"about":[{"href":"https:\/\/gotasdeluz.org.br\/index.php\/wp-json\/wp\/v2\/types\/page"}],"author":[{"embeddable":true,"href":"https:\/\/gotasdeluz.org.br\/index.php\/wp-json\/wp\/v2\/users\/2"}],"replies":[{"embeddable":true,"href":"https:\/\/gotasdeluz.org.br\/index.php\/wp-json\/wp\/v2\/comments?post=527"}],"version-history":[{"count":4,"href":"https:\/\/gotasdeluz.org.br\/index.php\/wp-json\/wp\/v2\/pages\/527\/revisions"}],"predecessor-version":[{"id":549,"href":"https:\/\/gotasdeluz.org.br\/index.php\/wp-json\/wp\/v2\/pages\/527\/revisions\/549"}],"wp:attachment":[{"href":"https:\/\/gotasdeluz.org.br\/index.php\/wp-json\/wp\/v2\/media?parent=527"}],"curies":[{"name":"wp","href":"https:\/\/api.w.org\/{rel}","templated":true}]}}