{"id":2,"date":"2020-07-15T11:43:09","date_gmt":"2020-07-15T14:43:09","guid":{"rendered":"http:\/\/gotasdeluz.org.br\/?page_id=2"},"modified":"2020-07-15T15:16:56","modified_gmt":"2020-07-15T18:16:56","slug":"pagina-exemplo","status":"publish","type":"page","link":"https:\/\/gotasdeluz.org.br\/","title":{"rendered":"Ol\u00e1 Seja bem vindo ao Gotas de Luz"},"content":{"rendered":"\n<p>O Gotas de Luz em Grupo Esp\u00edrita fundado em 18 de Abril de 2002 no Bairro Esplanada. Fruto do sonho de alguns tarefeiros do Grupo Scheilla e do Grupo Esp\u00edrita Andr\u00e9 Luiz.<\/p>\n\n\n\n<blockquote class=\"wp-block-quote is-layout-flow wp-block-quote-is-layout-flow\"><p>A muito vinhamos adiando a cria\u00e7\u00e3o de nosso site. E nesses tempos de Pandemia onde \u00e9 tudo virtual, tornou-se necess\u00e1rio a cria\u00e7\u00e3o desse site.<\/p><p>Estamos apenas come\u00e7ando com site aguarde que em breve teremos muito mais informa\u00e7\u00f5es.<\/p><p>Obrigado a todos<\/p><\/blockquote>\n","protected":false},"excerpt":{"rendered":"<p>O Gotas de Luz em Grupo Esp\u00edrita fundado em 18 de Abril de 2002 no Bairro Esplanada. Fruto do sonho<\/p>\n","protected":false},"author":1,"featured_media":0,"parent":0,"menu_order":0,"comment_status":"closed","ping_status":"open","template":"","meta":{"colormag_page_container_layout":"default_layout","colormag_page_sidebar_layout":"default_layout","footnotes":""},"class_list":["post-2","page","type-page","status-publish","hentry"],"_links":{"self":[{"href":"https:\/\/gotasdeluz.org.br\/index.php\/wp-json\/wp\/v2\/pages\/2","targetHints":{"allow":["GET"]}}],"collection":[{"href":"https:\/\/gotasdeluz.org.br\/index.php\/wp-json\/wp\/v2\/pages"}],"about":[{"href":"https:\/\/gotasdeluz.org.br\/index.php\/wp-json\/wp\/v2\/types\/page"}],"author":[{"embeddable":true,"href":"https:\/\/gotasdeluz.org.br\/index.php\/wp-json\/wp\/v2\/users\/1"}],"replies":[{"embeddable":true,"href":"https:\/\/gotasdeluz.org.br\/index.php\/wp-json\/wp\/v2\/comments?post=2"}],"version-history":[{"count":2,"href":"https:\/\/gotasdeluz.org.br\/index.php\/wp-json\/wp\/v2\/pages\/2\/revisions"}],"predecessor-version":[{"id":651,"href":"https:\/\/gotasdeluz.org.br\/index.php\/wp-json\/wp\/v2\/pages\/2\/revisions\/651"}],"wp:attachment":[{"href":"https:\/\/gotasdeluz.org.br\/index.php\/wp-json\/wp\/v2\/media?parent=2"}],"curies":[{"name":"wp","href":"https:\/\/api.w.org\/{rel}","templated":true}]}}